{"id":262,"date":"2024-05-23T17:22:46","date_gmt":"2024-05-23T15:22:46","guid":{"rendered":"https:\/\/www.sigifin.it\/?page_id=262"},"modified":"2025-07-09T14:59:22","modified_gmt":"2025-07-09T12:59:22","slug":"privacy-policy-2","status":"publish","type":"page","link":"https:\/\/www.sigifin.it\/index.php\/privacy-policy-2\/","title":{"rendered":"Privacy Policy"},"content":{"rendered":"\n<h1 class=\"wp-block-heading\">Privacy Policy di&nbsp;<strong>www.sigifin.it<\/strong><\/h1>\n\n\n\n<p><strong>Gentile Cliente<\/strong>,<\/p>\n\n\n\n<p>nel rispetto della normativa sulla privacy (art. 13 del Regolamento UE n. 679\/2016 \u2013 Regolamento generale sulla protezione dei dati &#8211; di seguito anche il \u201c<strong>Regolamento<\/strong>\u201d), Sigifin di Simona De Filippi, &nbsp;con sede legale in Via Gavoi, 16 \u2013 00148 Roma , in qualit\u00e0 di \u201c<strong>Titolare<\/strong>\u201d del trattamento, La informa sul trattamento dei dati personali effettuato per fornirLe<\/p>\n\n\n\n<p>i prodotti e\/o i servizi finanziari richiesti o previsti in Suo favore<\/p>\n\n\n\n<p><strong>1. FONTE DI DATI PERSONALI<\/strong><\/p>\n\n\n\n<p>I suoi dati personali, necessari per lo svolgimento dell\u2019istruttoria del finanziamento richiesto e, sono forniti direttamente da Lei a Simona De Filippi , anche per il tramite di altri soggetti (come in occasione di richieste di finanziamento presentate ai soggetti esterni appartenenti alla rete di distribuzione dei nostri servizi )nonch\u00e9 ottenuti da fonti esterne pubbliche e private.<\/p>\n\n\n\n<p><strong>2. CONSULTAZIONE DELL\u2019INFORMATIVA<\/strong><\/p>\n\n\n\n<p>Simona De Filippi fornisce la possibilit\u00e0 di consultare questa informativa: a) ogni volta che raccoglie i dati personali dei Clienti; b) richiamandola liberamente dal sito istituzionale www. Sigifin.it .it e c) direttamente presso l\u2019ufficio operativo sito in Via Giuseppe Pianigiani 85\/87 Roma<\/p>\n\n\n\n<p><strong>3. NATURA OBBLIGATORIA O FACOLTATIVA DEL CONFERIMENTO DEI DATI<\/strong><\/p>\n\n\n\n<p><strong>E CONSEGUENZE IN CASO DI UN EVENTUALE RIFIUTO<\/strong><\/p>\n\n\n\n<p>L\u2019acquisizione dei Dati in esame (come, ad esempio, denominazione, indirizzo, recapiti telefonici e indirizzo di posta elettronica), \u00e8 in genere necessaria per il perfezionamento del contratto e per la sua gestione ed<\/p>\n\n\n\n<p>Esecuzione ; in alcuni casi \u00e8 obbligatoria per legge, regolamento, normativa comunitaria od in base alle<\/p>\n\n\n\n<p>disposizioni impartite da soggetti pubblici quali l\u2019Autorit\u00e0 Giudiziaria o le Autorit\u00e0 di vigilanza. In assenza di<\/p>\n\n\n\n<p>tali dati non saremmo infatti in grado di fornirLe correttamente le prestazioni richieste.<\/p>\n\n\n\n<p>Nel caso in cui ci fornisca eventuali Dati appartenenti a categorie particolari (es.: dati relativi alla salute), ove risultino indispensabili per fornirLe i servizi finanziari richiesti, Le chiediamo di rilasciarci il Suo consenso, senza il quale non potremo effettuare alcun trattamento di tali Dati.<\/p>\n\n\n\n<p>Il rilascio facoltativo di alcuni ulteriori Dati relativi ai Suoi recapiti pu\u00f2, inoltre, risultare utile per agevolare l\u2019invio di avvisi e comunicazioni di servizio. I Suoi recapiti potranno essere eventualmente utilizzati dalla nostra societ\u00e0 anche per inviarLe, via posta cartacea e\/o posta elettronica, comunicazioni commerciali e promozionali relative a nostri prodotti e servizi, salvo che Lei non si opponga, subito od anche successivamente, alla ricezione di tali comunicazioni inoltrando un messaggio di opposizione alla casella di posta elettronica <a href=\"mailto:info@sigifin.it\">info@sigifin.it<\/a> &nbsp;oppure una comunicazione postale in tal senso ai recapiti indicati al punto 9<\/p>\n\n\n\n<p>Informativa.<\/p>\n\n\n\n<p><strong>4. FINALIT\u00c0 DEL TRATTAMENTO DATI<\/strong><\/p>\n\n\n\n<p>Simona De Filippi &nbsp;per le proprie finalit\u00e0 istituzionali, connesse o strumentali all\u2019attivit\u00e0, tratta i suoi Dati per<\/p>\n\n\n\n<p>&nbsp;finalit\u00e0 strettamente connesse all\u2019attivit\u00e0 finanziaria come, ad esempio, la fornitura delle prestazioni<\/p>\n\n\n\n<p>contrattuali da Lei richieste e l\u2019esecuzione dei relativi adempimenti normativi, amministrativi e contabili;<\/p>\n\n\n\n<p>I Suoi dati potranno inoltre essere trattati, sulla base del Suo consenso, per:<\/p>\n\n\n\n<p>&#8211; inviarLe comunicazioni commerciali relative a prodotti o servizi della nostra Agenzia (ad es. newsletter<\/p>\n\n\n\n<p>e materiale promozionale e pubblicitario), nonch\u00e9 per finalit\u00e0 di vendita diretta e ricerche di mercato,<\/p>\n\n\n\n<p>incluse indagini sulla qualit\u00e0 e soddisfazione dei servizi, mediante tecniche di comunicazione a distanza<\/p>\n\n\n\n<p>comprensive di modalit\u00e0 tradizionali (come posta cartacea e chiamate telefoniche con operatore) ed<\/p>\n\n\n\n<p>automatizzate di contatto (come SMS, MMS, fax, chiamate telefoniche automatizzate, posta elettronica,<\/p>\n\n\n\n<p>messaggi su applicazioni web).<\/p>\n\n\n\n<p>La nostra Agenzia, previa acquisizione di un Suo ulteriore consenso, potr\u00e0 inoltre:<\/p>\n\n\n\n<p>&#8211; utilizzare dei sistemi di tracciamento delle nostre comunicazioni a carattere informativo e commerciale (come ad es. tag all\u2019interno delle e-mail e dispositivi analoghi) per verificare a livello statistico, in maniera aggregata (per gruppi di utenti) e disaggregata (per singolo utente), le possibili interazioni con le nostre comunicazioni (ad es. apertura dei messaggi, degli eventuali collegamenti ipertestuali contenuti all\u2019interno dei messaggi, indirizzo IP o tipo di browser dell\u2019utente, e altre analoghe informazioni ), e marcatori od altri dispositivi (pixel,tag, cookie, ecc.) di identificazione degli strumenti (indirizzo IP, tipo di browser, ecc.) utilizzati in modo da permetterne il riconoscimento ove abbia accesso al sito web della nostra Agenzia e procedere all\u2019analisi dei dati cos\u00ec acquisiti, ivi inclusi quelli raccolti nelle modalit\u00e0 sopra citate, per l\u2019individuazione, attraverso anche elaborazioni automatizzate, di preferenze ed interessi in relazione ai prodotti e servizi della nostra Societ\u00e0 (c.d. profilazione, anche on line), in modo da inviarLe automaticamente messaggi su possibili prodotti e servizi di Suo interesse. Anche per questa finalit\u00e0 il conferimento dei Suoi dati e il Suo consenso sono facoltativi ma, in loro assenza, non sar\u00e0 possibile fornirle informazioni ed aggiornamenti pi\u00f9 rispondenti ai Suoi interessi;<\/p>\n\n\n\n<p>i Le disposizioni europee e nazionali in materia di protezione dei dati personali riguardano il trattamento dei dati relativi a persone fisiche e non sono applicabili nei confronti di persone giuridiche (societ\u00e0), enti ed associazioni e delle informazioni loro riferite.<\/p>\n\n\n\n<p>ii Come agenti in attivit\u00e0 finanziaria, mediatori creditizi<\/p>\n\n\n\n<p>iii Ad esempio, soggetti ai quali, per soddisfare le sue richieste (ad es. concessione di un finanziamento, ecc.) richiediamo informazioni commerciali; organismi associativi e consortili propri del settore finanziario, altri soggetti pubblici.<\/p>\n\n\n\n<p>iv Ad esempio, per l\u2019adempimento di altri specifici obblighi contrattuali, per la prevenzione e l\u2019individuazione delle frodi, per il rispettivo della normativa contro il riciclaggio.<\/p>\n\n\n\n<p>v Ad esempio, Banca d\u2019Italia, AGCM, Garante Privacy, UIF. L\u2019elenco completo \u00e8 disponibile presso la nostra sede o ai recapiti indicati nell\u2019informativa.<\/p>\n\n\n\n<p>vi Ad esempio, societ\u00e0 di servizi informatici e telematici o di archiviazione; societ\u00e0 di supporto alle attivit\u00e0 di gestione ivi comprese le societ\u00e0 di servizi postali (per trasmissione, imbustamento, trasporto e smistamento delle comunicazioni alla clientela); societ\u00e0 di revisione e di consulenza (indicata negli atti di bilancio); societ\u00e0 di informazione commerciale per rischi finanziari; societ\u00e0di servizi per il controllo delle frodi, societ\u00e0 di recupero crediti.<\/p>\n\n\n\n<p>vii Ad esempio, Banca d\u2019Italia, UIF, Istituti cessionari o societ\u00e0 veicolo costituite ai sensi della legge 130\/99 ai quali si intende cedere i crediti derivanti dai contratti di finanziamento sottoscritti, Sistemi di Informazioni Creditizie (per il trattamento effettuato da tali enti si veda la specifica Informativa \u2013 Allegato A).<\/p>\n\n\n\n<p>&#8211; trasmissione di dati personali a Societ\u00e0 terze, per consentire, anche mediante l\u2019accesso a banche dati<\/p>\n\n\n\n<p>esterne, ricerche di mercato, offerte dirette nonch\u00e9 l\u2019invio di materiali promozionali di loro prodotti o servizi, anche attraverso strumenti automatizzati; il conferimento dei dati per questa finalit\u00e0 \u00e8 facoltativo e il<\/p>\n\n\n\n<p>trattamento richiede il Suo consenso.<\/p>\n\n\n\n<p><strong>5. MODALIT\u00c0 DEL TRATTAMENTO<\/strong><\/p>\n\n\n\n<p>Il trattamento dei Dati avviene mediante elaborazioni manuali o strumenti elettronici o comunque automatizzati, con apposite procedure prevalentemente informatizzate e modalit\u00e0 idonee ad assicurare la corretta gestione dei servizi forniti, comunque, nel pieno rispetto delle misure di sicurezza previste dalla normativa relativa alla protezione dei dati personali.<\/p>\n\n\n\n<p><strong>6. PERIODO DI CONSERVAZIONE DEI DATI PERSONALI<\/strong><\/p>\n\n\n\n<p>I Dati saranno conservati per la durata del contratto e, al suo termine, per i tempi previsti dalla normativa in materia<\/p>\n\n\n\n<p>di conservazione di documenti a fini amministrativi, contabili, fiscali, contrattuali, finanziari (di regola, 10 anni, salvo<\/p>\n\n\n\n<p>eventuali contenziosi).<\/p>\n\n\n\n<p><strong>8. DIRITTI ESERCITABILI DAL CLIENTE E DALL\u2019EVENTUALE GARANTE<\/strong><\/p>\n\n\n\n<p>La normativa sulla privacy (artt. 15-22 del Regolamento) Le garantisce il diritto di accedere in ogni momento ai dati che La riguardano, nonch\u00e9 alla loro rettifica e\/o integrazione, se inesatti o incompleti, alla loro cancellazione o alla limitazione del loro trattamento, se ne ricorrono i presupposti, all\u2019opposizione al loro trattamento per motivi legati alla Sua situazione particolare e comunque al loro uso per l\u2019invio di comunicazioni promozionali, senza pregiudicare la liceit\u00e0 del trattamento basata sul consenso prestato prima della revoca, alla portabilit\u00e0 dei dati da Lei forniti, ove trattati in modo automatizzato per le prestazioni contrattuali da Lei richieste, nei limiti di quanto previsto dal Regolamento (art. 20). Resta inoltre fermo il Suo diritto di presentare reclamo all\u2019Autorit\u00e0 italiana di controllo, il Garante privacy, ove ritenuto necessario per la tutela dei Suoi dati personali e dei Suoi diritti in materia.<\/p>\n\n\n\n<p><strong>9.TITOLARE DEL TRATTAMENTO DEI DATI<\/strong><\/p>\n\n\n\n<p>Per qualsiasi questione attinente al trattamento dei Suoi dati personali e per conoscere l\u2019elenco di coloro<\/p>\n\n\n\n<p>che ne vengono a conoscenza in qualit\u00e0 di responsabili pu\u00f2 rivolgersi a Simona De Filippi quale titolare del trattamento, con sede in Via Gavoi 16 \u2013 00148 Roma, email <a href=\"mailto:info@sigifin.it\">info@sigifin.it<\/a> telefono 06.5572128 alla quale potr\u00e0 rivolgersi per l\u2019esercizio dei Suoi diritti.<\/p>\n","protected":false},"excerpt":{"rendered":"<p>Privacy Policy di&nbsp;www.sigifin.it Gentile Cliente, nel rispetto della normativa sulla privacy (art. 13 del Regolamento UE n. 679\/2016 \u2013 Regolamento generale sulla protezione dei dati &#8211; di seguito anche il \u201cRegolamento\u201d), Sigifin di Simona De Filippi, &nbsp;con sede legale in Via Gavoi, 16 \u2013 00148 Roma , in qualit\u00e0 di \u201cTitolare\u201d del trattamento, La informa [&hellip;]<\/p>\n","protected":false},"author":1,"featured_media":0,"parent":0,"menu_order":0,"comment_status":"closed","ping_status":"closed","template":"","meta":{"footnotes":""},"_links":{"self":[{"href":"https:\/\/www.sigifin.it\/index.php\/wp-json\/wp\/v2\/pages\/262"}],"collection":[{"href":"https:\/\/www.sigifin.it\/index.php\/wp-json\/wp\/v2\/pages"}],"about":[{"href":"https:\/\/www.sigifin.it\/index.php\/wp-json\/wp\/v2\/types\/page"}],"author":[{"embeddable":true,"href":"https:\/\/www.sigifin.it\/index.php\/wp-json\/wp\/v2\/users\/1"}],"replies":[{"embeddable":true,"href":"https:\/\/www.sigifin.it\/index.php\/wp-json\/wp\/v2\/comments?post=262"}],"version-history":[{"count":2,"href":"https:\/\/www.sigifin.it\/index.php\/wp-json\/wp\/v2\/pages\/262\/revisions"}],"predecessor-version":[{"id":272,"href":"https:\/\/www.sigifin.it\/index.php\/wp-json\/wp\/v2\/pages\/262\/revisions\/272"}],"wp:attachment":[{"href":"https:\/\/www.sigifin.it\/index.php\/wp-json\/wp\/v2\/media?parent=262"}],"curies":[{"name":"wp","href":"https:\/\/api.w.org\/{rel}","templated":true}]}}